{"id":23,"date":"2023-06-16T08:22:12","date_gmt":"2023-06-16T08:22:12","guid":{"rendered":"https:\/\/web.rkinformatika.net\/zugatzarte\/?page_id=23"},"modified":"2024-04-23T15:59:31","modified_gmt":"2024-04-23T15:59:31","slug":"accesibilidad","status":"publish","type":"page","link":"https:\/\/zugatzarte.com\/pt\/accesibilidad\/","title":{"rendered":"Acessibilidade"},"content":{"rendered":"<style>.elementor-23 .elementor-element.elementor-element-7ae0ded1{text-align:justify;font-size:18px;}.elementor-23 .elementor-element.elementor-element-7ae0ded1 > .elementor-widget-container{margin:050px 0px 0px 0px;padding:0px 015px 0px 15px;}<\/style>\t\t<div data-elementor-type=\"wp-page\" data-elementor-id=\"23\" class=\"elementor elementor-23\" data-elementor-post-type=\"page\">\n\t\t\t\t\t\t<section class=\"elementor-section elementor-top-section elementor-element elementor-element-79533545 elementor-section-boxed elementor-section-height-default elementor-section-height-default\" data-id=\"79533545\" data-element_type=\"section\" data-e-type=\"section\">\n\t\t\t\t\t\t<div class=\"elementor-container elementor-column-gap-default\">\n\t\t\t\t\t<div class=\"elementor-column elementor-col-100 elementor-top-column elementor-element elementor-element-4fc475e3\" data-id=\"4fc475e3\" data-element_type=\"column\" data-e-type=\"column\">\n\t\t\t<div class=\"elementor-widget-wrap elementor-element-populated\">\n\t\t\t\t\t\t<div class=\"elementor-element elementor-element-7ae0ded1 elementor-widget elementor-widget-text-editor\" data-id=\"7ae0ded1\" data-element_type=\"widget\" data-e-type=\"widget\" data-widget_type=\"text-editor.default\">\n\t\t\t\t<div class=\"elementor-widget-container\">\n\t\t\t\t\t\t\t\t\t<h1>ACCESIBILIDAD<\/h1>\n<p>Carpinter\u00eda y Ebanister\u00eda ZUGATZARTE se ha comprometido a hacer accesible su sitio web, de conformidad con el Real Decreto 1112\/2018, de 7 de septiembre, sobre accesibilidad de los sitios web y aplicaciones para dispositivos m\u00f3viles del sector p\u00fablico.<br>La presente declaraci\u00f3n de accesibilidad se aplica al sitio web https:\/\/zugatzarte.com\/<br>Situaci\u00f3n de cumplimiento<br>Este sitio web es parcialmente conforme con el&nbsp;RD 1112\/2018.<br>Preparaci\u00f3n para la siguiente declaraci\u00f3n de accesibilidad<br>La presente declaraci\u00f3n fue preparada el 24 de abril de 2024.<br>El m\u00e9todo empleado para preparar la declaraci\u00f3n ha sido una autoevaluaci\u00f3n llevada a cabo por el propio organismo.<br>Observaciones y datos de contacto<br>Puede realizar comunicaciones sobre requisitos de accesibilidad (art\u00edculo 10.2.a del RD 1112\/2018) como, por ejemplo:<br>\u2022 Informar sobre cualquier posible incumplimiento por parte de este sitio web<br>\u2022 Transmitir otras dificultades de acceso al contenido<br>\u2022 Formular cualquier otra consulta o sugerencia de mejora relativa a la accesibilidad del sitio web<br>a trav\u00e9s del formulario de contacto de este sitio web o a trav\u00e9s del n\u00famero de tel\u00e9fono (+34) 946 87 91 75 .<br>Puede presentar:<br>\u2022 Queja relativa al cumplimiento de los requisitos del RD 1112\/2018 o<br>\u2022 Solicitud de Informaci\u00f3n accesible relativa a:<br>\u25e6 Contenidos que est\u00e1n excluidos del \u00e1mbito de aplicaci\u00f3n del RD 1112\/2018 seg\u00fan lo establecido por el art\u00edculo 3, apartado 4<br>\u25e6 Contenidos que est\u00e1n exentos del cumplimiento de los requisitos de accesibilidad por imponer una carga desproporcionada<br>En la Solicitud de informaci\u00f3n accesible, se debe concretar, con toda claridad, los hechos, razones y petici\u00f3n que permitan constatar que se trata de una solicitud razonable y leg\u00edtima.<br>Las quejas y reclamaciones sobre informaci\u00f3n accesible se realizar\u00e1n a trav\u00e9s de la sede electr\u00f3nica (https:\/\/zugatzarte.com\/contacto\/), y ser\u00e1n recibidas y tratadas por el \u00e1rea de Sistemas de la Informaci\u00f3n de ZUGATZARTE.<br>Contenido opcional<br>Este portal est\u00e1 dise\u00f1ado para poder cambiar el tama\u00f1o del texto y el color, as\u00ed como el fondo de la p\u00e1gina mediante las opciones de configuraci\u00f3n est\u00e1ndar de los navegadores.<br>Si desea cambiar el tama\u00f1o de letra del texto en los principales navegadores gr\u00e1ficos utilice los siguientes men\u00fas:<br>\u2022 Internet Explorer, Mozilla y Firefox: Ver &gt; Tama\u00f1o del texto<br>\u2022 Opera: Ver &gt; Zoom<br>\u2022 Safari: Ver &gt; Hacer el texto m\u00e1s grande<br>\u2022 Chrome: Controla la p\u00e1gina actual &gt; Tama\u00f1o del texto<br>\u2022 Para modificar el tama\u00f1o de todo en la p\u00e1gina:<br>\u25e6 Ctrl + + para aumentarlo<br>\u25e6 Ctrl + \u2013 para disminuirlo<br>\u25e6 Ctrl + 0 restaura el tama\u00f1o original del texto<br>\u25e6 Si lo que quiere es anular la hoja de estilos o modificar el color del texto, puede consultar la p\u00e1gina&nbsp;How to Change Text Size or Colors de la WAI, que se puede leer traducida al espa\u00f1ol en \u00bfC\u00f3mo cambiar el tama\u00f1o del texto o colores?<\/p>\t\t\t\t\t\t\t\t<\/div>\n\t\t\t\t<\/div>\n\t\t\t\t\t<\/div>\n\t\t<\/div>\n\t\t\t\t\t<\/div>\n\t\t<\/section>\n\t\t\t\t<\/div>","protected":false},"excerpt":{"rendered":"<p>ACCESIBILIDAD Carpinter\u00eda y Ebanister\u00eda ZUGATZARTE se ha comprometido a hacer accesible su sitio web, de conformidad con el Real Decreto 1112\/2018, de 7 de septiembre, sobre accesibilidad de los sitios web y aplicaciones para dispositivos m\u00f3viles del sector p\u00fablico.La presente declaraci\u00f3n de accesibilidad se aplica al sitio web https:\/\/zugatzarte.com\/Situaci\u00f3n de cumplimientoEste sitio web es parcialmente [&hellip;]<\/p>\n","protected":false},"author":1,"featured_media":0,"parent":0,"menu_order":0,"comment_status":"closed","ping_status":"closed","template":"elementor_canvas","meta":{"footnotes":""},"class_list":["post-23","page","type-page","status-publish","hentry"],"yoast_head":"<!-- This site is optimized with the Yoast SEO plugin v27.3 - https:\/\/yoast.com\/product\/yoast-seo-wordpress\/ -->\n<title>Accesibilidad - Zugatzarte<\/title>\n<meta name=\"robots\" content=\"index, follow, max-snippet:-1, max-image-preview:large, max-video-preview:-1\" \/>\n<link rel=\"canonical\" href=\"https:\/\/zugatzarte.com\/pt\/accesibilidad\/\" \/>\n<meta property=\"og:locale\" content=\"pt_PT\" \/>\n<meta property=\"og:type\" content=\"article\" \/>\n<meta property=\"og:title\" content=\"Accesibilidad - Zugatzarte\" \/>\n<meta property=\"og:description\" content=\"ACCESIBILIDAD Carpinter\u00eda y Ebanister\u00eda ZUGATZARTE se ha comprometido a hacer accesible su sitio web, de conformidad con el Real Decreto 1112\/2018, de 7 de septiembre, sobre accesibilidad de los sitios web y aplicaciones para dispositivos m\u00f3viles del sector p\u00fablico.La presente declaraci\u00f3n de accesibilidad se aplica al sitio web https:\/\/zugatzarte.com\/Situaci\u00f3n de cumplimientoEste sitio web es parcialmente [&hellip;]\" \/>\n<meta property=\"og:url\" content=\"https:\/\/zugatzarte.com\/pt\/accesibilidad\/\" \/>\n<meta property=\"og:site_name\" content=\"Zugatzarte\" \/>\n<meta property=\"article:modified_time\" content=\"2024-04-23T15:59:31+00:00\" \/>\n<meta name=\"twitter:card\" content=\"summary_large_image\" \/>\n<meta name=\"twitter:label1\" content=\"Tempo estimado de leitura\" \/>\n\t<meta name=\"twitter:data1\" content=\"3 minutos\" \/>\n<script type=\"application\/ld+json\" class=\"yoast-schema-graph\">{\"@context\":\"https:\\\/\\\/schema.org\",\"@graph\":[{\"@type\":\"WebPage\",\"@id\":\"https:\\\/\\\/zugatzarte.com\\\/accesibilidad\\\/\",\"url\":\"https:\\\/\\\/zugatzarte.com\\\/accesibilidad\\\/\",\"name\":\"Accesibilidad - Zugatzarte\",\"isPartOf\":{\"@id\":\"https:\\\/\\\/zugatzarte.com\\\/#website\"},\"datePublished\":\"2023-06-16T08:22:12+00:00\",\"dateModified\":\"2024-04-23T15:59:31+00:00\",\"breadcrumb\":{\"@id\":\"https:\\\/\\\/zugatzarte.com\\\/accesibilidad\\\/#breadcrumb\"},\"inLanguage\":\"pt-PT\",\"potentialAction\":[{\"@type\":\"ReadAction\",\"target\":[\"https:\\\/\\\/zugatzarte.com\\\/accesibilidad\\\/\"]}]},{\"@type\":\"BreadcrumbList\",\"@id\":\"https:\\\/\\\/zugatzarte.com\\\/accesibilidad\\\/#breadcrumb\",\"itemListElement\":[{\"@type\":\"ListItem\",\"position\":1,\"name\":\"Portada\",\"item\":\"https:\\\/\\\/zugatzarte.com\\\/\"},{\"@type\":\"ListItem\",\"position\":2,\"name\":\"Accesibilidad\"}]},{\"@type\":\"WebSite\",\"@id\":\"https:\\\/\\\/zugatzarte.com\\\/#website\",\"url\":\"https:\\\/\\\/zugatzarte.com\\\/\",\"name\":\"Zugatzarte\",\"description\":\"Carpinter\u00eda y Ebanister\u00eda. Presupuesto sin compromiso. Experiencia demostrable.\",\"publisher\":{\"@id\":\"https:\\\/\\\/zugatzarte.com\\\/#organization\"},\"potentialAction\":[{\"@type\":\"SearchAction\",\"target\":{\"@type\":\"EntryPoint\",\"urlTemplate\":\"https:\\\/\\\/zugatzarte.com\\\/?s={search_term_string}\"},\"query-input\":{\"@type\":\"PropertyValueSpecification\",\"valueRequired\":true,\"valueName\":\"search_term_string\"}}],\"inLanguage\":\"pt-PT\"},{\"@type\":\"Organization\",\"@id\":\"https:\\\/\\\/zugatzarte.com\\\/#organization\",\"name\":\"Zugatzarte\",\"url\":\"https:\\\/\\\/zugatzarte.com\\\/\",\"logo\":{\"@type\":\"ImageObject\",\"inLanguage\":\"pt-PT\",\"@id\":\"https:\\\/\\\/zugatzarte.com\\\/#\\\/schema\\\/logo\\\/image\\\/\",\"url\":\"https:\\\/\\\/zugatzarte.com\\\/wp-content\\\/uploads\\\/2023\\\/06\\\/cropped-Logo-Zugatzarte_Mesa-de-trabajo-1.png\",\"contentUrl\":\"https:\\\/\\\/zugatzarte.com\\\/wp-content\\\/uploads\\\/2023\\\/06\\\/cropped-Logo-Zugatzarte_Mesa-de-trabajo-1.png\",\"width\":1920,\"height\":548,\"caption\":\"Zugatzarte\"},\"image\":{\"@id\":\"https:\\\/\\\/zugatzarte.com\\\/#\\\/schema\\\/logo\\\/image\\\/\"}}]}<\/script>\n<!-- \/ Yoast SEO plugin. -->","yoast_head_json":{"title":"Accesibilidad - Zugatzarte","robots":{"index":"index","follow":"follow","max-snippet":"max-snippet:-1","max-image-preview":"max-image-preview:large","max-video-preview":"max-video-preview:-1"},"canonical":"https:\/\/zugatzarte.com\/pt\/accesibilidad\/","og_locale":"pt_PT","og_type":"article","og_title":"Accesibilidad - Zugatzarte","og_description":"ACCESIBILIDAD Carpinter\u00eda y Ebanister\u00eda ZUGATZARTE se ha comprometido a hacer accesible su sitio web, de conformidad con el Real Decreto 1112\/2018, de 7 de septiembre, sobre accesibilidad de los sitios web y aplicaciones para dispositivos m\u00f3viles del sector p\u00fablico.La presente declaraci\u00f3n de accesibilidad se aplica al sitio web https:\/\/zugatzarte.com\/Situaci\u00f3n de cumplimientoEste sitio web es parcialmente [&hellip;]","og_url":"https:\/\/zugatzarte.com\/pt\/accesibilidad\/","og_site_name":"Zugatzarte","article_modified_time":"2024-04-23T15:59:31+00:00","twitter_card":"summary_large_image","twitter_misc":{"Tempo estimado de leitura":"3 minutos"},"schema":{"@context":"https:\/\/schema.org","@graph":[{"@type":"WebPage","@id":"https:\/\/zugatzarte.com\/accesibilidad\/","url":"https:\/\/zugatzarte.com\/accesibilidad\/","name":"Accesibilidad - Zugatzarte","isPartOf":{"@id":"https:\/\/zugatzarte.com\/#website"},"datePublished":"2023-06-16T08:22:12+00:00","dateModified":"2024-04-23T15:59:31+00:00","breadcrumb":{"@id":"https:\/\/zugatzarte.com\/accesibilidad\/#breadcrumb"},"inLanguage":"pt-PT","potentialAction":[{"@type":"ReadAction","target":["https:\/\/zugatzarte.com\/accesibilidad\/"]}]},{"@type":"BreadcrumbList","@id":"https:\/\/zugatzarte.com\/accesibilidad\/#breadcrumb","itemListElement":[{"@type":"ListItem","position":1,"name":"Portada","item":"https:\/\/zugatzarte.com\/"},{"@type":"ListItem","position":2,"name":"Accesibilidad"}]},{"@type":"WebSite","@id":"https:\/\/zugatzarte.com\/#website","url":"https:\/\/zugatzarte.com\/","name":"Zugatzarte","description":"Carpinter\u00eda y Ebanister\u00eda. Presupuesto sin compromiso. Experiencia demostrable.","publisher":{"@id":"https:\/\/zugatzarte.com\/#organization"},"potentialAction":[{"@type":"SearchAction","target":{"@type":"EntryPoint","urlTemplate":"https:\/\/zugatzarte.com\/?s={search_term_string}"},"query-input":{"@type":"PropertyValueSpecification","valueRequired":true,"valueName":"search_term_string"}}],"inLanguage":"pt-PT"},{"@type":"Organization","@id":"https:\/\/zugatzarte.com\/#organization","name":"Zugatzarte","url":"https:\/\/zugatzarte.com\/","logo":{"@type":"ImageObject","inLanguage":"pt-PT","@id":"https:\/\/zugatzarte.com\/#\/schema\/logo\/image\/","url":"https:\/\/zugatzarte.com\/wp-content\/uploads\/2023\/06\/cropped-Logo-Zugatzarte_Mesa-de-trabajo-1.png","contentUrl":"https:\/\/zugatzarte.com\/wp-content\/uploads\/2023\/06\/cropped-Logo-Zugatzarte_Mesa-de-trabajo-1.png","width":1920,"height":548,"caption":"Zugatzarte"},"image":{"@id":"https:\/\/zugatzarte.com\/#\/schema\/logo\/image\/"}}]}},"_links":{"self":[{"href":"https:\/\/zugatzarte.com\/pt\/wp-json\/wp\/v2\/pages\/23","targetHints":{"allow":["GET"]}}],"collection":[{"href":"https:\/\/zugatzarte.com\/pt\/wp-json\/wp\/v2\/pages"}],"about":[{"href":"https:\/\/zugatzarte.com\/pt\/wp-json\/wp\/v2\/types\/page"}],"author":[{"embeddable":true,"href":"https:\/\/zugatzarte.com\/pt\/wp-json\/wp\/v2\/users\/1"}],"replies":[{"embeddable":true,"href":"https:\/\/zugatzarte.com\/pt\/wp-json\/wp\/v2\/comments?post=23"}],"version-history":[{"count":25,"href":"https:\/\/zugatzarte.com\/pt\/wp-json\/wp\/v2\/pages\/23\/revisions"}],"predecessor-version":[{"id":1007,"href":"https:\/\/zugatzarte.com\/pt\/wp-json\/wp\/v2\/pages\/23\/revisions\/1007"}],"wp:attachment":[{"href":"https:\/\/zugatzarte.com\/pt\/wp-json\/wp\/v2\/media?parent=23"}],"curies":[{"name":"wp","href":"https:\/\/api.w.org\/{rel}","templated":true}]}}